{"id":632,"date":"2023-10-23T11:37:57","date_gmt":"2023-10-23T08:37:57","guid":{"rendered":"https:\/\/efbclinic.com\/de\/?page_id=632"},"modified":"2023-12-06T02:02:31","modified_gmt":"2023-12-05T23:02:31","slug":"hakkimizda","status":"publish","type":"page","link":"https:\/\/efbclinic.com\/de\/hakkimizda\/","title":{"rendered":"\u00dcber Uns"},"content":{"rendered":"\n<p>&#8220;Die efbclinic, gegr\u00fcndet unter dem Slogan &#8216;Alles f\u00fcr die Sch\u00f6nheit&#8217;, bringt in der T\u00fcrkei erfahrene Fach\u00e4rzte auf den Gebieten der Mund- und Zahnhygiene, der \u00e4sthetischen und plastischen Chirurgie, der Adipositas-Chirurgie und der Haartransplantation mit international akkreditierten Krankenh\u00e4usern zu einem angemessenen Preis f\u00fcr unsere Patienten zusammen.<\/p>\n\n\n\n<p>In den mit efbclinic kooperierenden Krankenh\u00e4usern werden die modernsten technologischen Ger\u00e4te eingesetzt, um Ihnen durch individuelle Behandlungen das gew\u00fcnschte Aussehen zu erm\u00f6glichen. efbclinic steht Ihnen w\u00e4hrend des Behandlungsprozesses und danach mit seinem erfahrenen Team zur Seite und nimmt eine patientenorientierte Herangehensweise an, um alle Fragen und Anliegen zu kl\u00e4ren.<\/p>\n\n\n\n<p>efbclinic organisiert kostenlose Beratungsgespr\u00e4che mit den \u00c4rzten f\u00fcr unsere Patienten vor der Behandlung, um sicherzustellen, dass sie vor dem Eingriff alle Informationen \u00fcber die bevorstehenden Verfahren erhalten.<\/p>\n\n\n\n<p>Unsere Vision:<\/p>\n\n\n\n<p>Die Weiterentwicklung und weltweite Verbreitung von Gesundheitsdienstleistungen in der T\u00fcrkei f\u00fcr alle Menschen auf der Welt.<\/p>\n\n\n\n<p>Unsere Mission:<\/p>\n\n\n\n<p>Sicherstellen, dass alle Patienten, die sich an unsere Einrichtung wenden, alle Prozesse vor, w\u00e4hrend und nach der Behandlung schnell, zuverl\u00e4ssig und professionell durchlaufen. Patienten, die sich an unsere Einrichtung wenden, mit dem richtigen Krankenhaus, dem richtigen Arzt und der richtigen Behandlung in Verbindung bringen. Gew\u00e4hrleistung, dass alle Patienten, die sich an unsere Einrichtung wenden, in Gesundheitseinrichtungen mit modernster Technologie die bestm\u00f6gliche Versorgung erhalten. Sicherstellen, dass Patienten, die sich an unsere Einrichtung wenden, als &#8216;G\u00e4ste&#8217; behandelt werden. Sicherstellen, dass die Patienten nach der Behandlung sicher in ihre Heimatl\u00e4nder zur\u00fcckkehren k\u00f6nnen.&#8221;<\/p>\n","protected":false},"excerpt":{"rendered":"<p>&#8220;Die efbclinic, gegr\u00fcndet unter dem Slogan &#8216;Alles f\u00fcr die Sch\u00f6nheit&#8217;, bringt in der T\u00fcrkei erfahrene Fach\u00e4rzte auf den Gebieten der Mund- und Zahnhygiene, der \u00e4sthetischen und plastischen Chirurgie, der Adipositas-Chirurgie und der Haartransplantation mit international akkreditierten Krankenh\u00e4usern zu einem angemessenen Preis f\u00fcr unsere Patienten zusammen. In den mit efbclinic kooperierenden Krankenh\u00e4usern werden die modernsten technologischen [&hellip;]<\/p>\n","protected":false},"author":1,"featured_media":503,"parent":0,"menu_order":0,"comment_status":"closed","ping_status":"closed","template":"","meta":{"footnotes":""},"class_list":["post-632","page","type-page","status-publish","has-post-thumbnail","hentry"],"_links":{"self":[{"href":"https:\/\/efbclinic.com\/de\/wp-json\/wp\/v2\/pages\/632","targetHints":{"allow":["GET"]}}],"collection":[{"href":"https:\/\/efbclinic.com\/de\/wp-json\/wp\/v2\/pages"}],"about":[{"href":"https:\/\/efbclinic.com\/de\/wp-json\/wp\/v2\/types\/page"}],"author":[{"embeddable":true,"href":"https:\/\/efbclinic.com\/de\/wp-json\/wp\/v2\/users\/1"}],"replies":[{"embeddable":true,"href":"https:\/\/efbclinic.com\/de\/wp-json\/wp\/v2\/comments?post=632"}],"version-history":[{"count":2,"href":"https:\/\/efbclinic.com\/de\/wp-json\/wp\/v2\/pages\/632\/revisions"}],"predecessor-version":[{"id":726,"href":"https:\/\/efbclinic.com\/de\/wp-json\/wp\/v2\/pages\/632\/revisions\/726"}],"wp:featuredmedia":[{"embeddable":true,"href":"https:\/\/efbclinic.com\/de\/wp-json\/wp\/v2\/media\/503"}],"wp:attachment":[{"href":"https:\/\/efbclinic.com\/de\/wp-json\/wp\/v2\/media?parent=632"}],"curies":[{"name":"wp","href":"https:\/\/api.w.org\/{rel}","templated":true}]}}